{"id":3,"date":"2019-12-02T21:04:52","date_gmt":"2019-12-03T00:04:52","guid":{"rendered":"http:\/\/zwa.design\/gastrocentro\/site\/?page_id=3"},"modified":"2021-10-21T22:26:48","modified_gmt":"2021-10-22T01:26:48","slug":"politica-de-privacidade","status":"publish","type":"page","link":"https:\/\/www.gastrocentrobahia.com.br\/index.php\/politica-de-privacidade\/","title":{"rendered":"Pol\u00edtica de privacidade"},"content":{"rendered":"\r\n<p><strong>GASTROCENTRO &#8211; CENTRO DE ENDOSCOPIA DIGESTIVA EIRELI<br \/>CNPJ: 15.642.280\/0001-09<\/strong><\/p>\r\n<p>Esta \u00e9 a Pol\u00edtica de Privacidade da<strong>GASTROCENTRO &#8211; CENTRO DE ENDOSCOPIA DIGESTIVA EIRELI<\/strong> atualizada em 01\/06\/2021 de acordo com as \u00faltimas boas-pr\u00e1ticas relacionadas \u00e0\u00a0<strong>Lei Geral de Prote\u00e7\u00e3o de Dados (LGPD)<\/strong>.<\/p>\r\n<p>Nela voc\u00ea ir\u00e1 encontrar todas as informa\u00e7\u00f5es relacionadas \u00e0 quando e porque coletamos os seus dados e como utilizamos estas informa\u00e7\u00f5es, bem como quais s\u00e3o seus direitos enquanto titular de dados.<\/p>\r\n<p>Confira algumas defini\u00e7\u00f5es importantes para entender esta Pol\u00edtica de Privacidade:<\/p>\r\n<p><strong>Bases legais:<\/strong>\u00a0s\u00e3o as possibilidades trazidas pela Lei Geral de Prote\u00e7\u00e3o de Dados que autorizam o tratamento de dado pessoal, como por exemplo o consentimento do titular, a necessidade de cumprir um contrato, o cumprimento de uma obriga\u00e7\u00e3o legal, dentre outros.<\/p>\r\n<p><strong>GASTROCENTRO<\/strong>:\u00a0\u00e9 aGASTROCENTRO <strong>&#8211; CENTRO DE ENDOSCOPIA DIGESTIVA EIRELI<\/strong>, pessoa jur\u00eddica de direito privado inscrita CNPJ n\u00b0 <strong>15.642.280\/0001-09<\/strong>, com sede em Len\u00e7\u00f3is\/BA<\/p>\r\n<p><strong>Controlador de dados:<\/strong>\u00a0Quem toma as decis\u00f5es relacionadas ao tratamento de dados pessoais, podendo ser pessoa f\u00edsica ou jur\u00eddica.<\/p>\r\n<p><strong>Consentimento:<\/strong>\u00a0Quando voc\u00ea autoriza o tratamento dos seus dados pessoais para uma finalidade espec\u00edfica que n\u00f3s vamos lhe informar previamente.<\/p>\r\n<p><strong>Cookies:<\/strong>\u00a0S\u00e3o arquivos que servem como orientadores de navega\u00e7\u00e3o, permitindo o reconhecimento de seu navegador ou dispositivo. Assim, saberemos como e quando as p\u00e1ginas s\u00e3o visitadas, bem como quantas pessoas a acessam. Isso por ser \u00fatil para fazer com que o site se encaixe em sua tela, entender melhor as suas prefer\u00eancias e lhe oferecer Produtos, Neg\u00f3cios e Experi\u00eancias mais eficientes.<\/p>\r\n<p><strong>Dados pessoais:<\/strong>\u00a0s\u00e3o informa\u00e7\u00f5es que podem identificar uma pessoa f\u00edsica ou ao menos tornar poss\u00edvel a sua identifica\u00e7\u00e3o. S\u00e3o informa\u00e7\u00f5es como nome, endere\u00e7o, telefone, e-mail etc.<\/p>\r\n<p><strong>Dados sens\u00edveis:<\/strong>\u00a0s\u00e3o informa\u00e7\u00f5es que podem gerar algum tipo de discrimina\u00e7\u00e3o ou preconceito, como por exemplo: origem racial ou \u00e9tnica, convic\u00e7\u00f5es religiosas, opini\u00e3o pol\u00edtica etc. Tamb\u00e9m s\u00e3o considerados dados sens\u00edveis informa\u00e7\u00f5es referentes \u00e0 sua sa\u00fade ou orienta\u00e7\u00e3o sexual, dados gen\u00e9ticos ou biom\u00e9tricos quando vinculados a uma pessoa f\u00edsica, dentre outros.<\/p>\r\n<p><strong>Finalidade:<\/strong>\u00a0\u00e9 o motivo pelo qual o seu dado pessoal ser\u00e1 tratado ou o objetivo que se pretende atingir com este tratamento de dado.<\/p>\r\n<p><strong>Operador de dados:<\/strong>\u00a0Quem realiza o tratamento dos dados em nome do controlador e dentro daquilo que \u00e9 autorizado e ordenado pelo Controlador. Pode ser pessoa f\u00edsica ou jur\u00eddica.<\/p>\r\n<p><strong>Produtos, Servi\u00e7os e Experi\u00eancias:<\/strong>\u00a0Toda experi\u00eancia e jornada de consumo oferecida pela GASTROCENTRO em formato de site, tecnologias e outros servi\u00e7os como doa\u00e7\u00f5es online.<\/p>\r\n<p><strong>Titular dos Dados:<\/strong>\u00a0Pessoa que teve seus dados pessoais coletados.<br \/><br \/><strong>Tratamento:<\/strong>\u00a0Toda opera\u00e7\u00e3o realizada com o dado pessoal, como coleta, armazenamento, consulta e an\u00e1lise, por exemplo.<\/p>\r\n<p><strong>Como e quando a GASTROCENTRO coleta seus dados pessoais?<br \/><\/strong><\/p>\r\n<p>Quando voc\u00ea preenche o formul\u00e1rio em nosso site, os Dados s\u00e3o coletados diretamente de voc\u00ea. J\u00e1 em outros casos, n\u00f3s coletamos os Dados de maneira autom\u00e1tica, por meio de Cookies, como preenchimento autom\u00e1tico de campos, ou tecnologias similares presentes no Site. Todos os eventos e situa\u00e7\u00f5es dessa coleta est\u00e3o explicados a seguir:<\/p>\r\n<p><strong>Durante quais eventos ou intera\u00e7\u00f5es podemos coletar seus Dados?<\/strong><\/p>\r\n<ul>\r\n<li>Coletamos automaticamente, por meio de cookies, alguns dados relativos \u00e0 sua navega\u00e7\u00e3o e ao dispositivo que voc\u00ea usa para acessar as plataformas;<\/li>\r\n<li>Coletamos automaticamente alguns dados por meio de ferramentas do Google Tag Manager, Google Analytics, Google Ads, Facebook Pixel, Facebook ads.<\/li>\r\n<li>Coletamos dados quando voc\u00ea entra em contato conosco ativamente como por meio de nossos servi\u00e7os de atendimento, seja por telefone, formul\u00e1rios de nosso site, e-mail, chat ou videoconfer\u00eancia, por exemplo;<\/li>\r\n<\/ul>\r\n<p>Vamos deixar mais claro para voc\u00ea como tratamos os seus dados, em quais situa\u00e7\u00f5es, a finalidade e a base legal.<\/p>\r\n<p><strong>Se voc\u00ea for um visitante em nosso Site<br \/><\/strong><\/p>\r\n<p>Ao acessar somente o nosso site podemos coletar os seguintes dados:<\/p>\r\n<p><strong>Navega\u00e7\u00e3o em nosso site<br \/><\/strong><\/p>\r\n<table class=\"table\">\r\n<tbody>\r\n<tr>\r\n<td>\r\n<p><strong>Tipos de Dados Coletados<\/strong><\/p>\r\n<\/td>\r\n<td>\r\n<p><strong>Finalidade<\/strong><\/p>\r\n<\/td>\r\n<td>\r\n<p><strong>Base Legal<\/strong><\/p>\r\n<\/td>\r\n<\/tr>\r\n<tr>\r\n<td>\r\n<p>Dados do dispositivo de acesso, pixels de rastreamento, cookies e tecnologias relacionadas.<\/p>\r\n<\/td>\r\n<td>\r\n<p>Cumprir com as obriga\u00e7\u00f5es legais de guarda de IP, data e hora de acesso ao site (art. 15 da lei n12.965\/2014).<\/p>\r\n<\/td>\r\n<td>\r\n<p><strong>Cumprimento de Obriga\u00e7\u00e3o Legal<\/strong><\/p>\r\n<\/td>\r\n<\/tr>\r\n<tr>\r\n<td>\u00a0<\/td>\r\n<td>\r\n<p>Entender seu comportamento na utiliza\u00e7\u00e3o dos nossos Servi\u00e7os e da Plataforma para melhorar sua experi\u00eancia, enquanto estiver navegando em nosso site.<\/p>\r\n<\/td>\r\n<td>\r\n<p><strong>Leg\u00edtimo Interesse<\/strong><\/p>\r\n<\/td>\r\n<\/tr>\r\n<\/tbody>\r\n<\/table>\r\n<p>&nbsp;<\/p>\r\n<p><strong>Formul\u00e1rios do site<\/strong><\/p>\r\n<table class=\"table\">\r\n<tbody>\r\n<tr>\r\n<td>\r\n<p><strong>Tipos de Dados Coletados<\/strong><\/p>\r\n<\/td>\r\n<td>\r\n<p><strong>Finalidade<\/strong><\/p>\r\n<\/td>\r\n<td>\r\n<p><strong>Base Legal<\/strong><\/p>\r\n<\/td>\r\n<\/tr>\r\n<tr>\r\n<td>\r\n<p>Dados de: Nome, Telefone e e-mail<\/p>\r\n<\/td>\r\n<td>\r\n<p>Entrar em contato com o usu\u00e1rio e oferecer nossos Produtos e Servi\u00e7os (Prospec\u00e7\u00e3o Comercial).<\/p>\r\n<\/td>\r\n<td>\r\n<p><strong>Consentimento<\/strong><\/p>\r\n<\/td>\r\n<\/tr>\r\n<\/tbody>\r\n<\/table>\r\n<p><strong>\u00a0<\/strong><\/p>\r\n<p><strong>Com quem compartilhamos seus dados pessoais?<\/strong><\/p>\r\n<p>Pode ser que os seus Dados Pessoais sejam compartilhados com terceiros, mas esse compartilhamento n\u00e3o afasta a nossa preocupa\u00e7\u00e3o em preservar ao m\u00e1ximo a sua privacidade.<\/p>\r\n<p>Abaixo descrevemos as situa\u00e7\u00f5es em que poderemos compartilhar os seus Dados Pessoais e para quais finalidades:<\/p>\r\n<ul>\r\n<li><strong>Ferramentas anal\u00edticas.<\/strong>\u00a0Os dados coletados por n\u00f3s podem vir a ser utilizados para fins de estat\u00edsticas, sempre de forma an\u00f4nima, com a finalidade de compreender o comportamento de uso daqueles que visitam nosso Site. A partir da an\u00e1lise dessas informa\u00e7\u00f5es, n\u00f3s conseguimos compreender melhor os h\u00e1bitos de navega\u00e7\u00e3o dos Usu\u00e1rios dos nossos Produtos e Servi\u00e7os e visitantes do Site e assim melhoramos nossa presta\u00e7\u00e3o de Servi\u00e7os, al\u00e9m de customiz\u00e1-los para atender melhor aos interesses dos usu\u00e1rios e garantir uma boa experi\u00eancia de uso.<\/li>\r\n<li><strong>Checagem de Dados.<\/strong>\u00a0Para verificar a veracidade de informa\u00e7\u00f5es que voc\u00ea nos fornece, pode ser necess\u00e1rio compartilhar alguns dados com bases de dados p\u00fablicas, (como a Receita Federal) bem como com bases de dados privados, de modo a evitar a ocorr\u00eancia de poss\u00edveis fraudes \u2013 isso \u00e9 uma prote\u00e7\u00e3o para voc\u00ea e para a GASTROCENTRO.<\/li>\r\n<li><strong>Autoridades P\u00fablicas.<\/strong> No caso de requisi\u00e7\u00e3o de compartilhamento de dados por autoridade com compet\u00eancia legal para exigir ou por juiz, \u00e9 dever da GASTROCENTRO compartilhar as informa\u00e7\u00f5es solicitadas.<\/li>\r\n<\/ul>\r\n<p><strong>A GASTROCENTRO realiza transfer\u00eancia internacional de Dados?<\/strong><\/p>\r\n<p>N\u00e3o. Apesar de utilizarmos servidores de empresas internacionais, as bases dos servidores utilizadas pela GASTROCENTRO est\u00e3o localizadas no Brasil. Portanto, todo o Tratamento realizado estar\u00e1 sujeito \u00e0 legisla\u00e7\u00e3o brasileira.<\/p>\r\n<p><strong>Quais s\u00e3o os seus direitos enquanto titular de dados pessoais?<\/strong><\/p>\r\n<p>O Titular dos Dados tem o direito de optar por compartilhar ou n\u00e3o os seus Dados conosco. No entanto, lembramos que alguns desses dados podem ser necess\u00e1rios para o devido funcionamento dos nossos Servi\u00e7os, como os dados de cadastro para compra em nosso site. Apesar disso, os seus direitos relativos \u00e0 privacidade e a prote\u00e7\u00e3o de dados ser\u00e3o resguardados e respeitados por n\u00f3s da GASTROCENTRO, de modo que o seu acesso e conhecimento de todos os seus direitos relativos a Dados Pessoais sejam assegurados.<\/p>\r\n<p>Lembramos que a GASTROCENTRO \u00e9 a Operadora dos dados que o usu\u00e1rio adiciona em seu site, seja quando envia formul\u00e1rios ou dentro do ambiente de e-commerce com acessado por login e senha.<\/p>\r\n<p>A lei brasileira garante a voc\u00ea uma s\u00e9rie de direitos relativos aos seus Dados Pessoais e para facilitar o seu conhecimento e o exerc\u00edcio desses direitos colocamos cada um deles abaixo. Ainda, para exercer quaisquer desses direitos voc\u00ea pode enviar um e-mail para\u00a0privacidade@gastrocentrobahia.com.br<\/p>\r\n<p>Sempre que voc\u00ea exercer seus direitos, a GASTROCENTRO poder\u00e1 solicitar algumas informa\u00e7\u00f5es complementares para fins de comprova\u00e7\u00e3o da sua identidade, buscando impedir fraudes. Fazemos isso para garantir a seguran\u00e7a e a privacidade de nossos clientes e usu\u00e1rios. Ainda, algumas solicita\u00e7\u00f5es podem n\u00e3o ser respondidas de forma imediata, mas nos comprometemos a responder todas as requisi\u00e7\u00f5es em um prazo razo\u00e1vel e sempre em conformidade com a legisla\u00e7\u00e3o aplic\u00e1vel.<\/p>\r\n<ul>\r\n<li><strong>Direito de acesso;<\/strong>\r\n<ul>\r\n<li>Permite que voc\u00ea possa requisitar e receber uma c\u00f3pia dos seus Dados Pessoais que n\u00f3s possu\u00edmos sobre voc\u00ea, desde que sejamos os controladores desta informa\u00e7\u00e3o.<\/li>\r\n<\/ul>\r\n<\/li>\r\n<li><strong>Direito de retifica\u00e7\u00e3o;<\/strong>\r\n<ul>\r\n<li>Permite que voc\u00ea, a qualquer momento, solicite a corre\u00e7\u00e3o dos seus Dados Pessoais, caso identifique que alguns deles est\u00e3o incorretos \u2013 n\u00f3s poderemos corrigi-los se formos os controladores desta informa\u00e7\u00e3o.<\/li>\r\n<\/ul>\r\n<\/li>\r\n<li><strong>Direito de Exclus\u00e3o;<\/strong>\r\n<ul>\r\n<li>Permite que voc\u00ea solicite a exclus\u00e3o dos seus Dados Pessoais da nossa base de dados. Caso seja poss\u00edvel e a GASTROCENTRO n\u00e3o tenha nenhum motivo para mant\u00ea-los, todos os Dados coletados ser\u00e3o exclu\u00eddos de nossos servidores quando voc\u00ea assim requisitar.<\/li>\r\n<\/ul>\r\n<\/li>\r\n<li><strong>Direito de oposi\u00e7\u00e3o;<\/strong>\r\n<ul>\r\n<li>Permite que voc\u00ea se oponha ao Tratamento dos seus Dados nos casos em que estivermos confiando em um leg\u00edtimo interesse para realiz\u00e1-lo e voc\u00ea julgar que isso causa impacto aos seus direitos e liberdades fundamentais.<\/li>\r\n<\/ul>\r\n<\/li>\r\n<li><strong>Direito de solicitar anonimiza\u00e7\u00e3o, bloqueio ou elimina\u00e7\u00e3o;<\/strong>\r\n<ul>\r\n<li>permite que voc\u00ea (a) nos solicite que seus Dados fiquem an\u00f4nimos, de forma que eles n\u00e3o possam mais ser relacionados a voc\u00ea e, portanto, deixem de ser Dados Pessoais; (b) bloqueio de seus Dados, suspendendo temporariamente a possibilidade de realizarmos o Tratamento dos seus Dados; (c) elimina\u00e7\u00e3o dos seus Dados, caso em que apagaremos todos os seus Dados sem possibilidade de revers\u00e3o.<\/li>\r\n<\/ul>\r\n<\/li>\r\n<li><strong>Direito \u00e0 portabilidade;<\/strong>\r\n<ul>\r\n<li>Permite solicitar que a GASTROCENTRO forne\u00e7a a Voc\u00ea, ou a terceiros que voc\u00ea escolher, os seus dados pessoais em formato estruturado e interoper\u00e1vel, contanto que a GASTROCENTRO seja a Controladora. Da mesma forma, voc\u00ea pode pedir que outras empresas enviem \u00e0 GASTROCENTRO os seus Dados Pessoais.<\/li>\r\n<\/ul>\r\n<\/li>\r\n<li><strong>Direito de retirar o seu consentimento.<\/strong>\r\n<ul>\r\n<li>Permite retirar seu consentimento em rela\u00e7\u00e3o \u00e0s atividades de Tratamento que se baseiam nele. No entanto, isso n\u00e3o afetar\u00e1 a legalidade de qualquer Tratamento realizado anteriormente. Lembramos que, em alguns casos, se voc\u00ea retirar o seu consentimento, talvez n\u00e3o seja poss\u00edvel fornecer os Servi\u00e7os em sua integralidade. Nesses casos, n\u00f3s te avisaremos sobre essa quest\u00e3o.<\/li>\r\n<\/ul>\r\n<\/li>\r\n<\/ul>\r\n<p><strong>Por quanto tempo seus dados pessoais ser\u00e3o armazenados?<\/strong><\/p>\r\n<p>N\u00f3s armazenaremos os seus Dados somente pelo tempo que for necess\u00e1rio para cumprir com as finalidades para as quais os coletamos, como para fins de cumprimento de quaisquer obriga\u00e7\u00f5es legais, contratuais, de presta\u00e7\u00e3o de contas ou requisi\u00e7\u00e3o de autoridades competentes.<\/p>\r\n<p><strong>Quais s\u00e3o nossas responsabilidades e como protegemos seus dados?<\/strong><\/p>\r\n<p>A GASTROCENTRO sempre procura empregar os padr\u00f5es mais avan\u00e7ados da ind\u00fastria de tecnologia em mat\u00e9ria de prote\u00e7\u00e3o da confidencialidade das informa\u00e7\u00f5es pessoais dos usu\u00e1rios, consideramos as informa\u00e7\u00f5es, documentos e dados gerados pelos usu\u00e1rios como um bem precioso que deve ser protegido de qualquer perda ou acesso n\u00e3o autorizado, empregando, portanto, diversas t\u00e9cnicas de seguran\u00e7a para impedir acessos n\u00e3o autorizados.<\/p>\r\n<p>Ainda assim, \u00e9 necess\u00e1rio considerar que nenhuma aplica\u00e7\u00e3o \u00e9 100% (cem por cento) segura, de modo que a GASTROCENTRO n\u00e3o pode impedir que terceiros ajam de m\u00e1-f\u00e9, a fim de tentar obter acesso a informa\u00e7\u00f5es, dados ou documentos. Por tal motivo trate suas informa\u00e7\u00f5es e dados pessoais com muito cuidado pois falha de hardware ou software e outros fatores que n\u00e3o estejam sob controle da GASTROCENTRO podem comprometer a seguran\u00e7a dos seus dados pessoais. Por isso, sua atua\u00e7\u00e3o \u00e9 fundamental para a manuten\u00e7\u00e3o de um ambiente seguro para todos.<\/p>\r\n<p><strong>Como voc\u00ea pode ajudar a manter um ambiente seguro para todos?<\/strong><\/p>\r\n<p>Isso por ser feito com algumas medidas e boas pr\u00e1ticas:<\/p>\r\n<ul>\r\n<li>n\u00e3o compartilhar sua senha com terceiros, senha \u00e9 de uso pessoal e garante o controle de acesso \u00e0 sua conta em nosso site;<\/li>\r\n<\/ul>\r\n<p>De toda forma, caso voc\u00ea identifique ou tome conhecimento de algo que comprometa a seguran\u00e7a dos seus Dados, por favor, entre em contato conosco atrav\u00e9s do e-mail privacidade@gastrocentrobahia.com.br<\/p>\r\n<p><strong>Links externos<br \/><\/strong><\/p>\r\n<p>Nosso site cont\u00e9m links que direcionam para outros sites e seus conte\u00fados n\u00e3o \u00e9 responsabilidade da GASTROCENTRO. O fato de um link estar nesta p\u00e1gina n\u00e3o representa apoio, endosso, autoriza\u00e7\u00e3o ou afilia\u00e7\u00e3o com o referido site. Por tanto a GASTROCENTRO n\u00e3o \u00e9 respons\u00e1vel pelas Pol\u00edticas de Privacidade de outras institui\u00e7\u00f5es. <br \/><br \/>Nossas Pol\u00edticas de Privacidade se aplicam somente para as p\u00e1ginas do dom\u00ednio (<a href=\"mailto:privacidade@uronorte.com.br%20\">gastrocentrobahia.com.br<\/a> e chapadaadventure.com), independente dos links externos a outros dom\u00ednios.<\/p>\r\n<p><strong>Como falar com a GASTROCENTRO sobre dados pessoais?<\/strong><\/p>\r\n<p>Se voc\u00ea acredita que seus Dados Pessoais foram usados de maneira incompat\u00edvel com esta Pol\u00edtica de Privacidade ou com as suas escolhas enquanto Titular destes Dados Pessoais, ou, ainda, se voc\u00ea tiver d\u00favidas, coment\u00e1rios ou sugest\u00f5es relacionadas a esta Pol\u00edtica, entre em contato conosco: E-mail para contato:\u00a0privacidade@gastrocentrobahia.com.br<\/p>\r\n<p><strong>Mudan\u00e7as na pol\u00edtica de privacidade<\/strong><\/p>\r\n<p>Sempre buscando melhorar nossos Produtos, Servi\u00e7os e Experi\u00eancias, esta Pol\u00edtica de Privacidade pode passar por atualiza\u00e7\u00f5es para refletir as melhorias realizadas. Desta forma, recomendamos a visita peri\u00f3dica desta p\u00e1gina para que voc\u00ea tenha conhecimento sobre as modifica\u00e7\u00f5es efetivadas.<\/p>\r\n<p>No caso de altera\u00e7\u00f5es relevantes que demandem novo consentimento, n\u00f3s entraremos em contato.<\/p>\r\n","protected":false},"excerpt":{"rendered":"<p>GASTROCENTRO &#8211; CENTRO DE ENDOSCOPIA DIGESTIVA EIRELICNPJ: 15.642.280\/0001-09 Esta \u00e9 a Pol\u00edtica de Privacidade daGASTROCENTRO &#8211; CENTRO DE ENDOSCOPIA DIGESTIVA EIRELI atualizada em 01\/06\/2021 de acordo com as \u00faltimas boas-pr\u00e1ticas relacionadas \u00e0\u00a0Lei Geral de Prote\u00e7\u00e3o de Dados (LGPD). Nela voc\u00ea ir\u00e1 encontrar todas as informa\u00e7\u00f5es relacionadas \u00e0 quando e porque coletamos os seus dados e [&hellip;]<\/p>\n","protected":false},"author":1,"featured_media":0,"parent":0,"menu_order":0,"comment_status":"closed","ping_status":"open","template":"","meta":{"_acf_changed":false,"footnotes":""},"class_list":["post-3","page","type-page","status-publish","hentry"],"acf":[],"_links":{"self":[{"href":"https:\/\/www.gastrocentrobahia.com.br\/index.php\/wp-json\/wp\/v2\/pages\/3","targetHints":{"allow":["GET"]}}],"collection":[{"href":"https:\/\/www.gastrocentrobahia.com.br\/index.php\/wp-json\/wp\/v2\/pages"}],"about":[{"href":"https:\/\/www.gastrocentrobahia.com.br\/index.php\/wp-json\/wp\/v2\/types\/page"}],"author":[{"embeddable":true,"href":"https:\/\/www.gastrocentrobahia.com.br\/index.php\/wp-json\/wp\/v2\/users\/1"}],"replies":[{"embeddable":true,"href":"https:\/\/www.gastrocentrobahia.com.br\/index.php\/wp-json\/wp\/v2\/comments?post=3"}],"version-history":[{"count":0,"href":"https:\/\/www.gastrocentrobahia.com.br\/index.php\/wp-json\/wp\/v2\/pages\/3\/revisions"}],"wp:attachment":[{"href":"https:\/\/www.gastrocentrobahia.com.br\/index.php\/wp-json\/wp\/v2\/media?parent=3"}],"curies":[{"name":"wp","href":"https:\/\/api.w.org\/{rel}","templated":true}]}}