{"id":2,"date":"2019-12-02T21:04:52","date_gmt":"2019-12-03T00:04:52","guid":{"rendered":"http:\/\/zwa.design\/gastrocentro\/site\/?page_id=2"},"modified":"2021-08-10T22:00:41","modified_gmt":"2021-08-11T01:00:41","slug":"a-gastrocentro","status":"publish","type":"page","link":"https:\/\/www.gastrocentrobahia.com.br\/index.php\/a-gastrocentro\/","title":{"rendered":"Quem Somos"},"content":{"rendered":"\r\n<p>Fundada em 2004 a Gastrocentro tem como miss\u00e3o essencial, atender com uma equipe especializada em Gastroenterologia e Endoscopia Digestiva, buscando a melhoria permanente da qualidade e oferecendo uma assist\u00eancia integrada e harm\u00f4nica com tecnologia avan\u00e7ada e respeito \u00e0s necessidades dos seus pacientes.<br \/><br \/>Atuando nas \u00e1reas de Gastrohepatologia e Endoscopia Digestiva, a Gastrocentro \u00e9 um centro de excel\u00eancia capaz de realizar os mais diversos diagn\u00f3sticos e procedimentos terap\u00eauticos, dispondo das tecnologias e corpo cl\u00ednico, necess\u00e1rios para sua realiza\u00e7\u00e3o com agilidade, efici\u00eancia e seguran\u00e7a.<br \/><br \/>A Gastrocentro disp\u00f5e de servi\u00e7os com alta qualidade atrav\u00e9s de protocolos cient\u00edficos e da execu\u00e7\u00e3o de uma medicina baseada em evid\u00eancias, sendo um referencial de atendimento na cidade de Lauro de Freitas.<\/p>\r\n","protected":false},"excerpt":{"rendered":"<p>Fundada em 2004 a Gastrocentro tem como miss\u00e3o essencial, atender com uma equipe especializada em Gastroenterologia e Endoscopia Digestiva, buscando a melhoria permanente da qualidade e oferecendo uma assist\u00eancia integrada e harm\u00f4nica com tecnologia avan\u00e7ada e respeito \u00e0s necessidades dos seus pacientes. Atuando nas \u00e1reas de Gastrohepatologia e Endoscopia Digestiva, a Gastrocentro \u00e9 um centro [&hellip;]<\/p>\n","protected":false},"author":1,"featured_media":179,"parent":0,"menu_order":0,"comment_status":"closed","ping_status":"closed","template":"","meta":{"_acf_changed":false,"footnotes":""},"class_list":["post-2","page","type-page","status-publish","has-post-thumbnail","hentry"],"acf":[],"_links":{"self":[{"href":"https:\/\/www.gastrocentrobahia.com.br\/index.php\/wp-json\/wp\/v2\/pages\/2","targetHints":{"allow":["GET"]}}],"collection":[{"href":"https:\/\/www.gastrocentrobahia.com.br\/index.php\/wp-json\/wp\/v2\/pages"}],"about":[{"href":"https:\/\/www.gastrocentrobahia.com.br\/index.php\/wp-json\/wp\/v2\/types\/page"}],"author":[{"embeddable":true,"href":"https:\/\/www.gastrocentrobahia.com.br\/index.php\/wp-json\/wp\/v2\/users\/1"}],"replies":[{"embeddable":true,"href":"https:\/\/www.gastrocentrobahia.com.br\/index.php\/wp-json\/wp\/v2\/comments?post=2"}],"version-history":[{"count":0,"href":"https:\/\/www.gastrocentrobahia.com.br\/index.php\/wp-json\/wp\/v2\/pages\/2\/revisions"}],"wp:featuredmedia":[{"embeddable":true,"href":"https:\/\/www.gastrocentrobahia.com.br\/index.php\/wp-json\/wp\/v2\/media\/179"}],"wp:attachment":[{"href":"https:\/\/www.gastrocentrobahia.com.br\/index.php\/wp-json\/wp\/v2\/media?parent=2"}],"curies":[{"name":"wp","href":"https:\/\/api.w.org\/{rel}","templated":true}]}}