{"id":112,"date":"2019-12-04T00:34:34","date_gmt":"2019-12-04T03:34:34","guid":{"rendered":"http:\/\/zwa.design\/gastrocentro\/site\/?page_id=112"},"modified":"2023-11-27T21:38:52","modified_gmt":"2023-11-28T00:38:52","slug":"fale-conosco","status":"publish","type":"page","link":"https:\/\/www.gastrocentrobahia.com.br\/index.php\/fale-conosco\/","title":{"rendered":"Fale Conosco"},"content":{"rendered":"<p>Aqui voc\u00ea pode enviar suas d\u00favidas, sugest\u00f5es ou reclama\u00e7\u00f5es<\/p>\n<div class=\"forminator-ui forminator-custom-form forminator-custom-form-456 forminator-design--default  forminator_ajax\" data-forminator-render=\"0\" data-form=\"forminator-module-456\" data-uid=\"69ee17d936acd\"><br\/><\/div><form\n\t\t\t\tid=\"forminator-module-456\"\n\t\t\t\tclass=\"forminator-ui forminator-custom-form forminator-custom-form-456 forminator-design--default  forminator_ajax\"\n\t\t\t\tmethod=\"post\"\n\t\t\t\tdata-forminator-render=\"0\"\n\t\t\t\tdata-form-id=\"456\"\n\t\t\t\t data-color-option=\"default\" data-design=\"default\" data-grid=\"open\" style=\"display: none;\"\n\t\t\t\tdata-uid=\"69ee17d936acd\"\n\t\t\t><div role=\"alert\" aria-live=\"polite\" class=\"forminator-response-message forminator-error\" aria-hidden=\"true\"><\/div><div class=\"forminator-row\"><div id=\"name-1\" class=\"forminator-field-name forminator-col forminator-col-12 \"><div class=\"forminator-field\"><label for=\"forminator-field-name-1_69ee17d936acd\" id=\"forminator-field-name-1_69ee17d936acd-label\" class=\"forminator-label\">Primeiro Nome <span class=\"forminator-required\">*<\/span><\/label><input type=\"text\" name=\"name-1\" value=\"\" placeholder=\"E.x. John\" id=\"forminator-field-name-1_69ee17d936acd\" class=\"forminator-input forminator-name--field\" aria-required=\"true\" autocomplete=\"name\" \/><\/div><\/div><\/div><div class=\"forminator-row\"><div id=\"email-1\" class=\"forminator-field-email forminator-col forminator-col-12 \"><div class=\"forminator-field\"><label for=\"forminator-field-email-1_69ee17d936acd\" id=\"forminator-field-email-1_69ee17d936acd-label\" class=\"forminator-label\">Endere\u00e7o de E-mail <span class=\"forminator-required\">*<\/span><\/label><input type=\"email\" name=\"email-1\" value=\"\" placeholder=\"E.x. john@doe.com\" id=\"forminator-field-email-1_69ee17d936acd\" class=\"forminator-input forminator-email--field\" data-required=\"true\" aria-required=\"true\" autocomplete=\"email\" \/><\/div><\/div><\/div><div class=\"forminator-row\"><div id=\"phone-1\" class=\"forminator-field-phone forminator-col forminator-col-12 \"><div class=\"forminator-field\"><label for=\"forminator-field-phone-1_69ee17d936acd\" id=\"forminator-field-phone-1_69ee17d936acd-label\" class=\"forminator-label\">Telefone<\/label><input type=\"text\" name=\"phone-1\" value=\"\" placeholder=\"Por exemplo +1 3004005000\" id=\"forminator-field-phone-1_69ee17d936acd\" class=\"forminator-input forminator-field--phone\" data-required=\"\" aria-required=\"false\" autocomplete=\"off\" \/><\/div><\/div><\/div><div class=\"forminator-row\"><div id=\"textarea-1\" class=\"forminator-field-textarea forminator-col forminator-col-12 \"><div class=\"forminator-field\"><label for=\"forminator-field-textarea-1_69ee17d936acd\" id=\"forminator-field-textarea-1_69ee17d936acd-label\" class=\"forminator-label\">Mensagem<\/label><textarea name=\"textarea-1\" placeholder=\"Escreva sua mensagem\" id=\"forminator-field-textarea-1_69ee17d936acd\" class=\"forminator-textarea\" rows=\"6\" style=\"--forminator-textarea-min-height:140px;\" maxlength=\"180\" ><\/textarea><span id=\"forminator-field-textarea-1_69ee17d936acd-description\" class=\"forminator-description\"><span data-limit=\"180\" data-type=\"characters\" data-editor=\"\">0 \/ 180<\/span><\/span><\/div><\/div><\/div><input type=\"hidden\" name=\"referer_url\" value=\"\" \/><div class=\"forminator-row forminator-row-last\"><div class=\"forminator-col\"><div class=\"forminator-field\"><button class=\"forminator-button forminator-button-submit\">Enviar mensagem<\/button><\/div><\/div><\/div><input type=\"hidden\" id=\"forminator_nonce\" name=\"forminator_nonce\" value=\"0e56beb738\" \/><input type=\"hidden\" name=\"_wp_http_referer\" value=\"\/index.php\/wp-json\/wp\/v2\/pages\/112\" \/><input type=\"hidden\" name=\"form_id\" value=\"456\"><input type=\"hidden\" name=\"page_id\" value=\"112\"><input type=\"hidden\" name=\"form_type\" value=\"\"><input type=\"hidden\" name=\"current_url\" value=\"https:\/\/www.gastrocentrobahia.com.br\/index.php\/fale-conosco\/\"><input type=\"hidden\" name=\"render_id\" value=\"0\"><input type=\"hidden\" name=\"action\" value=\"forminator_submit_form_custom-forms\"><\/form>\n","protected":false},"excerpt":{"rendered":"<p>Aqui voc\u00ea pode enviar suas d\u00favidas, sugest\u00f5es ou reclama\u00e7\u00f5es<\/p>\n","protected":false},"author":1,"featured_media":179,"parent":0,"menu_order":0,"comment_status":"closed","ping_status":"closed","template":"","meta":{"_acf_changed":false,"footnotes":""},"class_list":["post-112","page","type-page","status-publish","has-post-thumbnail","hentry"],"acf":[],"_links":{"self":[{"href":"https:\/\/www.gastrocentrobahia.com.br\/index.php\/wp-json\/wp\/v2\/pages\/112","targetHints":{"allow":["GET"]}}],"collection":[{"href":"https:\/\/www.gastrocentrobahia.com.br\/index.php\/wp-json\/wp\/v2\/pages"}],"about":[{"href":"https:\/\/www.gastrocentrobahia.com.br\/index.php\/wp-json\/wp\/v2\/types\/page"}],"author":[{"embeddable":true,"href":"https:\/\/www.gastrocentrobahia.com.br\/index.php\/wp-json\/wp\/v2\/users\/1"}],"replies":[{"embeddable":true,"href":"https:\/\/www.gastrocentrobahia.com.br\/index.php\/wp-json\/wp\/v2\/comments?post=112"}],"version-history":[{"count":0,"href":"https:\/\/www.gastrocentrobahia.com.br\/index.php\/wp-json\/wp\/v2\/pages\/112\/revisions"}],"wp:featuredmedia":[{"embeddable":true,"href":"https:\/\/www.gastrocentrobahia.com.br\/index.php\/wp-json\/wp\/v2\/media\/179"}],"wp:attachment":[{"href":"https:\/\/www.gastrocentrobahia.com.br\/index.php\/wp-json\/wp\/v2\/media?parent=112"}],"curies":[{"name":"wp","href":"https:\/\/api.w.org\/{rel}","templated":true}]}}